{"id":4673,"date":"2026-03-12T22:46:22","date_gmt":"2026-03-12T21:46:22","guid":{"rendered":"https:\/\/webprojekt2.wslt.at\/?page_id=4673"},"modified":"2026-04-27T21:35:28","modified_gmt":"2026-04-27T19:35:28","slug":"presse","status":"publish","type":"page","link":"https:\/\/wuerstelstandleo.at\/en\/presse\/","title":{"rendered":"Presse"},"content":{"rendered":"\t\t<div data-elementor-type=\"wp-page\" data-elementor-id=\"4673\" class=\"elementor elementor-4673 elementor-4577\" data-elementor-post-type=\"page\">\n\t\t\t\t<section class=\"elementor-element elementor-element-3f2a5c6 e-flex e-con-boxed e-con e-parent\" data-id=\"3f2a5c6\" data-element_type=\"container\" data-e-type=\"container\" data-settings=\"{&quot;background_background&quot;:&quot;classic&quot;}\">\n\t\t\t\t\t<div class=\"e-con-inner\">\n\t\t\t\t<div class=\"elementor-element elementor-element-1fc5861 elementor-widget elementor-widget-image\" data-id=\"1fc5861\" data-element_type=\"widget\" data-e-type=\"widget\" data-widget_type=\"image.default\">\n\t\t\t\t\t\t\t\t\t\t\t\t\t\t\t<img fetchpriority=\"high\" decoding=\"async\" width=\"567\" height=\"292\" src=\"https:\/\/wuerstelstandleo.at\/wp-content\/uploads\/2026\/03\/cropped-LEO-Logo.png\" class=\"attachment-full size-full wp-image-4697\" alt=\"\" srcset=\"https:\/\/wuerstelstandleo.at\/wp-content\/uploads\/2026\/03\/cropped-LEO-Logo.png 567w, https:\/\/wuerstelstandleo.at\/wp-content\/uploads\/2026\/03\/cropped-LEO-Logo-300x154.png 300w\" sizes=\"(max-width: 567px) 100vw, 567px\" \/>\t\t\t\t\t\t\t\t\t\t\t\t\t\t\t<\/div>\n\t\t\t\t<div class=\"elementor-element elementor-element-95164d9 elementor-widget elementor-widget-heading\" data-id=\"95164d9\" data-element_type=\"widget\" data-e-type=\"widget\" data-widget_type=\"heading.default\">\n\t\t\t\t\t<h1 class=\"elementor-heading-title elementor-size-default\">Press<\/h1>\t\t\t\t<\/div>\n\t\t\t\t\t<\/div>\n\t\t\t\t<\/section>\n\t\t<div class=\"elementor-element elementor-element-d470678 e-flex e-con-boxed e-con e-parent\" data-id=\"d470678\" data-element_type=\"container\" data-e-type=\"container\">\n\t\t\t\t\t<div class=\"e-con-inner\">\n\t\t<div class=\"elementor-element elementor-element-ddbcfcb e-con-full e-flex e-con e-child\" data-id=\"ddbcfcb\" data-element_type=\"container\" data-e-type=\"container\">\n\t\t\t\t<div class=\"elementor-element elementor-element-301a8e2 elementor-widget elementor-widget-heading\" data-id=\"301a8e2\" data-element_type=\"widget\" data-e-type=\"widget\" data-widget_type=\"heading.default\">\n\t\t\t\t\t<h2 class=\"elementor-heading-title elementor-size-default\">Press release<\/h2>\t\t\t\t<\/div>\n\t\t\t\t<div class=\"elementor-element elementor-element-ab28124 elementor-widget elementor-widget-text-editor\" data-id=\"ab28124\" data-element_type=\"widget\" data-e-type=\"widget\" data-widget_type=\"text-editor.default\">\n\t\t\t\t\t\t\t\t\t<div id=\"meta-origin\" data-coolorigin=\"https%3A%2F%2Fcollabora.nextcloud.hosting.zone%2Fcool%2Fclipboard%3FWOPISrc%3Dhttps%253A%252F%252Foqueocloud.com%252Findex.php%252Fapps%252Frichdocuments%252Fwopi%252Ffiles%252F77523_oc2gaxxp9ea7%26ServerId%3D673177bc%26ViewId%3D4%26Tag%3Dd4166c190d6c14ae\"><h4 class=\"western\">The LEO sausage stand is Vienna&#8217;s oldest sausage stand.<\/h4><blockquote><p><em>Right from the start, it has been our passion to serve the best quality so that everyone feels good and enjoys the food!<\/em><\/p><\/blockquote><p><span style=\"font-family: arial, sans-serif;\"><span style=\"font-size: medium;\"><span style=\"color: #343434;\"><strong>Leopold Mlynek Sr. founded the Leo sausage stand in 1928. Later guests included Federal Chancellor Dr. Bruno Kreisky.<\/strong> Since 1991, Vera Tondl, n\u00e9e Mlynek, has been running the family business in its third generation. Patrick Tondl joined the business in 2020 and is now the fourth generation to run the LEO sausage stand.<\/span><\/span><\/span><\/p><p><strong>In 1997, Vera Tondl renovated the stand, which has been shining in turquoise and white ever since.<\/strong> To this day, LEO is a popular meeting place day and night! Artistic events and tastings also take place here. Even film and video shoots or celebrity interviews are not uncommon at LEO.<\/p><p><strong>The legendary K\u00e4sekrainer sausage is particularly popular, especially the giant K\u00e4sekrainer \u2013 BIG MAMA<\/strong>, for one to four people, garnished with homemade sauces, pastries, and savory side dishes. The extensive menu includes 60 dishes and menus, as well as a selection of around 40 drinks! For international guests who like to visit Vienna&#8217;s oldest sausage stand, the menu is of course also available in English.<\/p><p><strong>With selected local suppliers, the LEO sausage stand focuses strongly on the best quality and also offers a selection of vegetarian dishes, such as our veggie Bosna and vegetarian cheese sausages.<\/strong> The large assortment is constantly being developed and new products with a modern, trendy touch are being tried out. There are also regular seasonal offers, such as white sausages with pretzels during Oktoberfest.<\/p><p><strong>In 2024, Patrick Tondl and Rene Kachlir from the \u201czum scharfen Rene\u201d sausage stand founded the Association of Viennese Sausage Stands.<\/strong> With the support of the association&#8217;s members, especially Sepp Bitzinger, W\u00fcrstelstand at the Opera, and Patricia P\u00f6lzl from the W\u00fcrstelstand \u201ceh scho wuascht\u201d at the Central Cemetery, the association succeeds in having Viennese W\u00fcrstelstand culture listed as intangible cultural heritage by UNESCO.<\/p><p><strong>In 2028, the LEO sausage stand will celebrate its 100th anniversary.<\/strong> Vienna must prepare for the biggest celebration ever to take place at a sausage stand.<\/p><\/div>\t\t\t\t\t\t\t\t<\/div>\n\t\t\t\t<\/div>\n\t\t<div class=\"elementor-element elementor-element-517f409 e-con-full e-flex e-con e-child\" data-id=\"517f409\" data-element_type=\"container\" data-e-type=\"container\">\n\t\t\t\t<div class=\"elementor-element elementor-element-28e9544 elementor-widget elementor-widget-image\" data-id=\"28e9544\" data-element_type=\"widget\" data-e-type=\"widget\" data-widget_type=\"image.default\">\n\t\t\t\t\t\t\t\t\t\t\t\t\t\t\t<img decoding=\"async\" width=\"300\" height=\"257\" src=\"https:\/\/wuerstelstandleo.at\/wp-content\/uploads\/2026\/03\/90jahrelogo_leo-300x257.png\" class=\"attachment-medium size-medium wp-image-4580\" alt=\"\" srcset=\"https:\/\/wuerstelstandleo.at\/wp-content\/uploads\/2026\/03\/90jahrelogo_leo-300x257.png 300w, https:\/\/wuerstelstandleo.at\/wp-content\/uploads\/2026\/03\/90jahrelogo_leo.png 400w\" sizes=\"(max-width: 300px) 100vw, 300px\" \/>\t\t\t\t\t\t\t\t\t\t\t\t\t\t\t<\/div>\n\t\t\t\t<\/div>\n\t\t\t\t\t<\/div>\n\t\t\t\t<\/div>\n\t\t<div class=\"elementor-element elementor-element-42f9fef e-flex e-con-boxed e-con e-parent\" data-id=\"42f9fef\" data-element_type=\"container\" data-e-type=\"container\">\n\t\t\t\t\t<div class=\"e-con-inner\">\n\t\t\t\t<div class=\"elementor-element elementor-element-96c6567 elementor-widget elementor-widget-spacer\" data-id=\"96c6567\" data-element_type=\"widget\" data-e-type=\"widget\" data-widget_type=\"spacer.default\">\n\t\t\t\t\t\t\t<div class=\"elementor-spacer\">\n\t\t\t<div class=\"elementor-spacer-inner\"><\/div>\n\t\t<\/div>\n\t\t\t\t\t\t<\/div>\n\t\t\t\t\t<\/div>\n\t\t\t\t<\/div>\n\t\t<div class=\"elementor-element elementor-element-d0d4425 e-flex e-con-boxed e-con e-parent\" data-id=\"d0d4425\" data-element_type=\"container\" data-e-type=\"container\">\n\t\t\t\t\t<div class=\"e-con-inner\">\n\t\t\t\t<div class=\"elementor-element elementor-element-d2bad2e elementor-widget elementor-widget-heading\" data-id=\"d2bad2e\" data-element_type=\"widget\" data-e-type=\"widget\" data-widget_type=\"heading.default\">\n\t\t\t\t\t<h2 class=\"elementor-heading-title elementor-size-default\">Downloads<\/h2>\t\t\t\t<\/div>\n\t\t\t\t\t<\/div>\n\t\t\t\t<\/div>\n\t\t<div class=\"elementor-element elementor-element-86da518 e-grid e-con-boxed e-con e-parent\" data-id=\"86da518\" data-element_type=\"container\" data-e-type=\"container\">\n\t\t\t\t\t<div class=\"e-con-inner\">\n\t\t\t\t<div class=\"elementor-element elementor-element-ecdf6e4 elementor-position-top elementor-widget elementor-widget-image-box\" data-id=\"ecdf6e4\" data-element_type=\"widget\" data-e-type=\"widget\" data-widget_type=\"image-box.default\">\n\t\t\t\t\t<div class=\"elementor-image-box-wrapper\"><figure class=\"elementor-image-box-img\"><a href=\"\/wp-content\/uploads\/2026\/03\/Wuerstelstandleo_logo_web.jpg\" target=\"_blank\" rel=\"nofollow\" tabindex=\"-1\"><img decoding=\"async\" width=\"400\" height=\"222\" src=\"https:\/\/wuerstelstandleo.at\/wp-content\/uploads\/2026\/03\/Wuerstelstandleo_logo_web.jpg\" class=\"attachment-full size-full wp-image-4615\" alt=\"\" srcset=\"https:\/\/wuerstelstandleo.at\/wp-content\/uploads\/2026\/03\/Wuerstelstandleo_logo_web.jpg 400w, https:\/\/wuerstelstandleo.at\/wp-content\/uploads\/2026\/03\/Wuerstelstandleo_logo_web-300x167.jpg 300w\" sizes=\"(max-width: 400px) 100vw, 400px\" \/><\/a><\/figure><div class=\"elementor-image-box-content\"><p class=\"elementor-image-box-description\">LEO sausage stand logo web, 400x222px<\/p><\/div><\/div>\t\t\t\t<\/div>\n\t\t\t\t<div class=\"elementor-element elementor-element-8394a52 elementor-position-top elementor-widget elementor-widget-image-box\" data-id=\"8394a52\" data-element_type=\"widget\" data-e-type=\"widget\" data-widget_type=\"image-box.default\">\n\t\t\t\t\t<div class=\"elementor-image-box-wrapper\"><figure class=\"elementor-image-box-img\"><a href=\"\/wp-content\/uploads\/2026\/03\/Wuerstelstandleo_logo_4c.pdf\" target=\"_blank\" rel=\"nofollow\" tabindex=\"-1\"><img loading=\"lazy\" decoding=\"async\" width=\"200\" height=\"111\" src=\"https:\/\/wuerstelstandleo.at\/wp-content\/uploads\/2026\/03\/wuerstelstandleo_logo_4c.jpg\" class=\"attachment-full size-full wp-image-4605\" alt=\"\" \/><\/a><\/figure><div class=\"elementor-image-box-content\"><p class=\"elementor-image-box-description\">LEO sausage stand logo 4c 300dpi<\/p><\/div><\/div>\t\t\t\t<\/div>\n\t\t\t\t<div class=\"elementor-element elementor-element-0fb4027 elementor-position-top elementor-widget elementor-widget-image-box\" data-id=\"0fb4027\" data-element_type=\"widget\" data-e-type=\"widget\" data-widget_type=\"image-box.default\">\n\t\t\t\t\t<div class=\"elementor-image-box-wrapper\"><figure class=\"elementor-image-box-img\"><a href=\"\/wp-content\/uploads\/2026\/03\/Wuerstelstandleo_logo_weiss_tuerkis.jpg\" target=\"_blank\" rel=\"nofollow\" tabindex=\"-1\"><img loading=\"lazy\" decoding=\"async\" width=\"1000\" height=\"628\" src=\"https:\/\/wuerstelstandleo.at\/wp-content\/uploads\/2026\/03\/Wuerstelstandleo_logo_weiss_tuerkis.jpg\" class=\"attachment-full size-full wp-image-4655\" alt=\"\" srcset=\"https:\/\/wuerstelstandleo.at\/wp-content\/uploads\/2026\/03\/Wuerstelstandleo_logo_weiss_tuerkis.jpg 1000w, https:\/\/wuerstelstandleo.at\/wp-content\/uploads\/2026\/03\/Wuerstelstandleo_logo_weiss_tuerkis-300x188.jpg 300w, https:\/\/wuerstelstandleo.at\/wp-content\/uploads\/2026\/03\/Wuerstelstandleo_logo_weiss_tuerkis-768x482.jpg 768w\" sizes=\"(max-width: 1000px) 100vw, 1000px\" \/><\/a><\/figure><div class=\"elementor-image-box-content\"><p class=\"elementor-image-box-description\">LEO sausage stand  Logo White Turquoise 1000x628px<\/p><\/div><\/div>\t\t\t\t<\/div>\n\t\t\t\t<div class=\"elementor-element elementor-element-d081b59 elementor-position-top elementor-widget elementor-widget-image-box\" data-id=\"d081b59\" data-element_type=\"widget\" data-e-type=\"widget\" data-widget_type=\"image-box.default\">\n\t\t\t\t\t<div class=\"elementor-image-box-wrapper\"><figure class=\"elementor-image-box-img\"><a href=\"\/wp-content\/uploads\/2026\/03\/Wuerstelstandleo_logo_vektor_schwarz_mitschrift.pdf\" target=\"_blank\" rel=\"nofollow\" tabindex=\"-1\"><img loading=\"lazy\" decoding=\"async\" width=\"200\" height=\"109\" src=\"https:\/\/wuerstelstandleo.at\/wp-content\/uploads\/2026\/03\/wuerstelstandleo_logo_vektor_1c.jpg\" class=\"attachment-full size-full wp-image-4610\" alt=\"\" \/><\/a><\/figure><div class=\"elementor-image-box-content\"><p class=\"elementor-image-box-description\">LEO Sausage Stand Vector black Logo with lettering<\/p><\/div><\/div>\t\t\t\t<\/div>\n\t\t\t\t<div class=\"elementor-element elementor-element-1f88ed8 elementor-position-top elementor-widget elementor-widget-image-box\" data-id=\"1f88ed8\" data-element_type=\"widget\" data-e-type=\"widget\" data-widget_type=\"image-box.default\">\n\t\t\t\t\t<div class=\"elementor-image-box-wrapper\"><figure class=\"elementor-image-box-img\"><a href=\"http:\/\/wp-content\/uploads\/2026\/03\/Wuerstelstandleo_logo_vektor_Pantone1c.pdf\" target=\"_blank\" rel=\"nofollow\" tabindex=\"-1\"><img loading=\"lazy\" decoding=\"async\" width=\"200\" height=\"97\" src=\"https:\/\/wuerstelstandleo.at\/wp-content\/uploads\/2026\/03\/leo_vektor_pantone.jpg\" class=\"attachment-full size-full wp-image-4600\" alt=\"\" \/><\/a><\/figure><div class=\"elementor-image-box-content\"><p class=\"elementor-image-box-description\">LEO Sausage Stand Vector Logo with lettering<\/p><\/div><\/div>\t\t\t\t<\/div>\n\t\t\t\t<div class=\"elementor-element elementor-element-45cd9dd elementor-position-top elementor-widget elementor-widget-image-box\" data-id=\"45cd9dd\" data-element_type=\"widget\" data-e-type=\"widget\" data-widget_type=\"image-box.default\">\n\t\t\t\t\t<div class=\"elementor-image-box-wrapper\"><figure class=\"elementor-image-box-img\"><a href=\"\/wp-content\/uploads\/2026\/03\/Wuerstelstandleo_logo_vektor_cmyk_skyline.pdf\" target=\"_blank\" rel=\"nofollow\" tabindex=\"-1\"><img loading=\"lazy\" decoding=\"async\" width=\"200\" height=\"89\" src=\"https:\/\/wuerstelstandleo.at\/wp-content\/uploads\/2026\/03\/leo_skylinelogo_vektor.jpg\" class=\"attachment-full size-full wp-image-4595\" alt=\"\" \/><\/a><\/figure><div class=\"elementor-image-box-content\"><p class=\"elementor-image-box-description\">LEO sausage stand Skyline Logo Vector CMYK 1c<\/p><\/div><\/div>\t\t\t\t<\/div>\n\t\t\t\t<div class=\"elementor-element elementor-element-c111779 elementor-position-top elementor-widget elementor-widget-image-box\" data-id=\"c111779\" data-element_type=\"widget\" data-e-type=\"widget\" data-widget_type=\"image-box.default\">\n\t\t\t\t\t<div class=\"elementor-image-box-wrapper\"><figure class=\"elementor-image-box-img\"><a href=\"\/wp-content\/uploads\/2026\/03\/Wuerstelstandleo_logo_vektor_pantone_skyline.pdf\" target=\"_blank\" rel=\"nofollow\" tabindex=\"-1\"><img loading=\"lazy\" decoding=\"async\" width=\"200\" height=\"90\" src=\"https:\/\/wuerstelstandleo.at\/wp-content\/uploads\/2026\/03\/leo_skylinelogo_vektor_pantone.jpg\" class=\"attachment-full size-full wp-image-4585\" alt=\"\" \/><\/a><\/figure><div class=\"elementor-image-box-content\"><p class=\"elementor-image-box-description\">LEO sausage stand  Skyline Logo Vector Pantone Turquoise<\/p><\/div><\/div>\t\t\t\t<\/div>\n\t\t\t\t<div class=\"elementor-element elementor-element-195716a elementor-position-top elementor-widget elementor-widget-image-box\" data-id=\"195716a\" data-element_type=\"widget\" data-e-type=\"widget\" data-widget_type=\"image-box.default\">\n\t\t\t\t\t<div class=\"elementor-image-box-wrapper\"><figure class=\"elementor-image-box-img\"><a href=\"\/wp-content\/uploads\/2026\/03\/Wuerstelstandleo_logo_vektor_schwarz_skyline.pdf\" target=\"_blank\" rel=\"nofollow\" tabindex=\"-1\"><img loading=\"lazy\" decoding=\"async\" width=\"200\" height=\"91\" src=\"https:\/\/wuerstelstandleo.at\/wp-content\/uploads\/2026\/03\/leo_skylinelogo_vektor_schwarz.jpg\" class=\"attachment-full size-full wp-image-4590\" alt=\"\" \/><\/a><\/figure><div class=\"elementor-image-box-content\"><p class=\"elementor-image-box-description\">LEO sausage stand  Skyline Logo Vector Black<\/p><\/div><\/div>\t\t\t\t<\/div>\n\t\t\t\t<div class=\"elementor-element elementor-element-f93231a elementor-widget elementor-widget-heading\" data-id=\"f93231a\" data-element_type=\"widget\" data-e-type=\"widget\" data-widget_type=\"heading.default\">\n\t\t\t\t\t<h5 class=\"elementor-heading-title elementor-size-default\"><a href=\"\/wp-content\/uploads\/2026\/03\/Wuerstelstand-LEO-Pressetext-2026.docx\" target=\"_blank\" rel=\"nofollow\">German Press release as Word file (.docx)<\/a><\/h5>\t\t\t\t<\/div>\n\t\t\t\t\t<\/div>\n\t\t\t\t<\/div>\n\t\t<div class=\"elementor-element elementor-element-6c12778 e-flex e-con-boxed e-con e-parent\" data-id=\"6c12778\" data-element_type=\"container\" data-e-type=\"container\">\n\t\t\t\t\t<div class=\"e-con-inner\">\n\t\t\t\t<div class=\"elementor-element elementor-element-a7cf464 elementor-widget elementor-widget-spacer\" data-id=\"a7cf464\" data-element_type=\"widget\" data-e-type=\"widget\" data-widget_type=\"spacer.default\">\n\t\t\t\t\t\t\t<div class=\"elementor-spacer\">\n\t\t\t<div class=\"elementor-spacer-inner\"><\/div>\n\t\t<\/div>\n\t\t\t\t\t\t<\/div>\n\t\t\t\t\t<\/div>\n\t\t\t\t<\/div>\n\t\t\t\t<\/div>\n\t\t","protected":false},"excerpt":{"rendered":"<p>Press Press release The LEO sausage stand is Vienna&#8217;s oldest sausage stand. Right from the start, it has been our passion to serve the best quality so that everyone feels good and enjoys the food! Leopold Mlynek Sr. founded the Leo sausage stand in 1928. Later guests included Federal Chancellor Dr. Bruno Kreisky. Since 1991, [&hellip;]<\/p>\n","protected":false},"author":3,"featured_media":0,"parent":0,"menu_order":0,"comment_status":"closed","ping_status":"closed","template":"","meta":{"footnotes":""},"class_list":["post-4673","page","type-page","status-publish","hentry"],"_links":{"self":[{"href":"https:\/\/wuerstelstandleo.at\/en\/wp-json\/wp\/v2\/pages\/4673","targetHints":{"allow":["GET"]}}],"collection":[{"href":"https:\/\/wuerstelstandleo.at\/en\/wp-json\/wp\/v2\/pages"}],"about":[{"href":"https:\/\/wuerstelstandleo.at\/en\/wp-json\/wp\/v2\/types\/page"}],"author":[{"embeddable":true,"href":"https:\/\/wuerstelstandleo.at\/en\/wp-json\/wp\/v2\/users\/3"}],"replies":[{"embeddable":true,"href":"https:\/\/wuerstelstandleo.at\/en\/wp-json\/wp\/v2\/comments?post=4673"}],"version-history":[{"count":10,"href":"https:\/\/wuerstelstandleo.at\/en\/wp-json\/wp\/v2\/pages\/4673\/revisions"}],"predecessor-version":[{"id":5008,"href":"https:\/\/wuerstelstandleo.at\/en\/wp-json\/wp\/v2\/pages\/4673\/revisions\/5008"}],"wp:attachment":[{"href":"https:\/\/wuerstelstandleo.at\/en\/wp-json\/wp\/v2\/media?parent=4673"}],"curies":[{"name":"wp","href":"https:\/\/api.w.org\/{rel}","templated":true}]}}