{"id":2639,"date":"2026-01-02T15:35:32","date_gmt":"2026-01-02T14:35:32","guid":{"rendered":"https:\/\/webprojekt2.wslt.at\/imprint\/"},"modified":"2026-03-16T11:10:08","modified_gmt":"2026-03-16T10:10:08","slug":"imprint","status":"publish","type":"page","link":"https:\/\/wuerstelstandleo.at\/en\/imprint\/","title":{"rendered":"Imprint"},"content":{"rendered":"\t\t<div data-elementor-type=\"wp-page\" data-elementor-id=\"2639\" class=\"elementor elementor-2639 elementor-1952\" data-elementor-post-type=\"page\">\n\t\t\t\t<section class=\"elementor-element elementor-element-97b8535 e-flex e-con-boxed e-con e-parent\" data-id=\"97b8535\" data-element_type=\"container\" data-e-type=\"container\" data-settings=\"{&quot;background_background&quot;:&quot;classic&quot;}\">\n\t\t\t\t\t<div class=\"e-con-inner\">\n\t\t\t\t<div class=\"elementor-element elementor-element-be31c31 elementor-widget elementor-widget-image\" data-id=\"be31c31\" data-element_type=\"widget\" data-e-type=\"widget\" data-widget_type=\"image.default\">\n\t\t\t\t\t\t\t\t\t\t\t\t\t\t\t<img decoding=\"async\" width=\"171\" height=\"100\" src=\"https:\/\/wuerstelstandleo.at\/wp-content\/uploads\/2025\/11\/LogoWuerstelstandLeo.png\" class=\"attachment-full size-full wp-image-2230\" alt=\"\" \/>\t\t\t\t\t\t\t\t\t\t\t\t\t\t\t<\/div>\n\t\t\t\t<div class=\"elementor-element elementor-element-9c497f6 elementor-widget elementor-widget-heading\" data-id=\"9c497f6\" data-element_type=\"widget\" data-e-type=\"widget\" data-widget_type=\"heading.default\">\n\t\t\t\t\t<h1 class=\"elementor-heading-title elementor-size-default\"><strong>Impressum<\/strong> Details<\/h1>\t\t\t\t<\/div>\n\t\t\t\t\t<\/div>\n\t\t\t\t<\/section>\n\t\t<div class=\"elementor-element elementor-element-70d87cbb e-flex e-con-boxed e-con e-parent\" data-id=\"70d87cbb\" data-element_type=\"container\" data-e-type=\"container\">\n\t\t\t\t\t<div class=\"e-con-inner\">\n\t\t<div class=\"elementor-element elementor-element-9b79c22 e-con-full e-flex e-con e-child\" data-id=\"9b79c22\" data-element_type=\"container\" data-e-type=\"container\">\n\t\t\t\t<div class=\"elementor-element elementor-element-353ee732 elementor-widget__width-inherit elementor-widget-mobile__width-inherit elementor-widget elementor-widget-text-editor\" data-id=\"353ee732\" data-element_type=\"widget\" data-e-type=\"widget\" data-widget_type=\"text-editor.default\">\n\t\t\t\t\t\t\t\t\t<p><strong>Information in accordance with \u00a7 5 ECG, \u00a7 14 UGB, and \u00a7 25 of the Media Act<\/strong><\/p><p><strong>Media Owner and Publisher<br \/><\/strong>L. &amp; V. Mlynek Gesellschaft m.b.H.<br \/>LEO Sausage Stand<\/p><p>D\u00f6blinger G\u00fcrtel 2<br \/>1190 Vienna, Austria<\/p><p><strong>Business Location<br \/><\/strong>W\u00e4hringer G\u00fcrtel 170 \/ Intersection with Nu\u00dfdorfer Stra\u00dfe<br \/>1090 Vienna, Austria<\/p><p><strong>Phone:<\/strong> +43 677 62 03 85 18<br \/><strong>eMail:<\/strong> <a href=\"mailto:bighunger@wuerstelstandleo.at\">bighunger@wuerstelstandleo.at<\/a><\/p><p><strong>Business Purpose<br \/><\/strong>Operation of buffets, snack bars, and hot dog stands<br \/><strong>Commercial Register Number:<\/strong> FN 126751 z<br \/><strong>Commercial Register Court:<\/strong> Vienna Commercial Court<br \/><strong>VAT ID:<\/strong> ATU14788103<\/p><p><strong>Management<br \/><\/strong>Vera Tondl (authorized to represent the company alone)<\/p><p><strong>General Purpose of the Website (\u00a7 25 MedienG)<br \/><\/strong>The website provides information about the LEO sausagestand, its culinary offerings, and the company L. &amp; V. Mlynek Gesellschaft m.b.H.<\/p><p><strong>Liability for Content<\/strong><br \/>The content of this website is created with the utmost care. However, no guarantee is provided for the accuracy, completeness, or timeliness of the content.<\/p><p><strong>Liability for Links<\/strong><br \/>This website contains links to external third-party websites over whose content we have no influence. Therefore, no liability is assumed for this third-party content. The respective provider or operator of the linked pages is always responsible for their content.<\/p><p><strong>Copyright<\/strong><br \/>The content and works published on this website are subject to Austrian copyright law. Any use beyond the scope of copyright law requires the prior written consent of the respective copyright holder.<i><\/i><\/p>\t\t\t\t\t\t\t\t<\/div>\n\t\t\t\t<\/div>\n\t\t\t\t\t<\/div>\n\t\t\t\t<\/div>\n\t\t\t\t<\/div>\n\t\t","protected":false},"excerpt":{"rendered":"<p>Impressum Details Information in accordance with \u00a7 5 ECG, \u00a7 14 UGB, and \u00a7 25 of the Media Act Media Owner and PublisherL. &amp; V. Mlynek Gesellschaft m.b.H.LEO Sausage Stand D\u00f6blinger G\u00fcrtel 21190 Vienna, Austria Business LocationW\u00e4hringer G\u00fcrtel 170 \/ Intersection with Nu\u00dfdorfer Stra\u00dfe1090 Vienna, Austria Phone: +43 677 62 03 85 18eMail: bighunger@wuerstelstandleo.at Business [&hellip;]<\/p>\n","protected":false},"author":1,"featured_media":0,"parent":0,"menu_order":0,"comment_status":"closed","ping_status":"closed","template":"","meta":{"footnotes":""},"class_list":["post-2639","page","type-page","status-publish","hentry"],"_links":{"self":[{"href":"https:\/\/wuerstelstandleo.at\/en\/wp-json\/wp\/v2\/pages\/2639","targetHints":{"allow":["GET"]}}],"collection":[{"href":"https:\/\/wuerstelstandleo.at\/en\/wp-json\/wp\/v2\/pages"}],"about":[{"href":"https:\/\/wuerstelstandleo.at\/en\/wp-json\/wp\/v2\/types\/page"}],"author":[{"embeddable":true,"href":"https:\/\/wuerstelstandleo.at\/en\/wp-json\/wp\/v2\/users\/1"}],"replies":[{"embeddable":true,"href":"https:\/\/wuerstelstandleo.at\/en\/wp-json\/wp\/v2\/comments?post=2639"}],"version-history":[{"count":6,"href":"https:\/\/wuerstelstandleo.at\/en\/wp-json\/wp\/v2\/pages\/2639\/revisions"}],"predecessor-version":[{"id":4770,"href":"https:\/\/wuerstelstandleo.at\/en\/wp-json\/wp\/v2\/pages\/2639\/revisions\/4770"}],"wp:attachment":[{"href":"https:\/\/wuerstelstandleo.at\/en\/wp-json\/wp\/v2\/media?parent=2639"}],"curies":[{"name":"wp","href":"https:\/\/api.w.org\/{rel}","templated":true}]}}